{"id":978,"date":"2021-11-26T15:16:17","date_gmt":"2021-11-26T14:16:17","guid":{"rendered":"https:\/\/live.jib-innovation.com\/labac-salle-152\/"},"modified":"2021-12-01T13:52:55","modified_gmt":"2021-12-01T12:52:55","slug":"labac-salle-152","status":"publish","type":"page","link":"https:\/\/live.jib-innovation.com\/en\/labac-salle-152\/","title":{"rendered":"LABAC (salle 152)"},"content":{"rendered":"<p>[vc_row][vc_column width=&#8221;1\/2&#8243;][vc_column_text]<\/p>\n<div style=\"width: 1200px;\" class=\"wp-video\"><video class=\"wp-video-shortcode\" id=\"video-978-1\" width=\"1200\" height=\"675\" preload=\"metadata\" controls=\"controls\"><source type=\"video\/mp4\" src=\"http:\/\/live.jib-innovation.com\/wp-content\/uploads\/externe\/2021\/com-oral\/CHEKKAL%20ACC%20(1).mp4?_=1\" \/><a href=\"http:\/\/live.jib-innovation.com\/wp-content\/uploads\/externe\/2021\/com-oral\/CHEKKAL%20ACC%20(1).mp4\">http:\/\/live.jib-innovation.com\/wp-content\/uploads\/externe\/2021\/com-oral\/CHEKKAL%20ACC%20(1).mp4<\/a><\/video><\/div>\n<p>[\/vc_column_text][\/vc_column][vc_column width=&#8221;1\/2&#8243;][vc_column_text]<\/p>\n<div style=\"width: 1200px;\" class=\"wp-video\"><video class=\"wp-video-shortcode\" id=\"video-978-2\" width=\"1200\" height=\"675\" preload=\"metadata\" controls=\"controls\"><source type=\"video\/mp4\" src=\"http:\/\/live.jib-innovation.com\/wp-content\/uploads\/externe\/2021\/com-oral\/Manuela%20Lotierzo-JIB%202021%20v2.mp4?_=2\" \/><a href=\"http:\/\/live.jib-innovation.com\/wp-content\/uploads\/externe\/2021\/com-oral\/Manuela%20Lotierzo-JIB%202021%20v2.mp4\">http:\/\/live.jib-innovation.com\/wp-content\/uploads\/externe\/2021\/com-oral\/Manuela%20Lotierzo-JIB%202021%20v2.mp4<\/a><\/video><\/div>\n<p>[\/vc_column_text][\/vc_column][\/vc_row][vc_row][vc_column][vc_empty_space][\/vc_column][\/vc_row][vc_row][vc_column width=&#8221;1\/2&#8243;][vc_column_text]<\/p>\n<div style=\"width: 1200px;\" class=\"wp-video\"><video class=\"wp-video-shortcode\" id=\"video-978-3\" width=\"1200\" height=\"675\" preload=\"metadata\" controls=\"controls\"><source type=\"video\/mp4\" src=\"http:\/\/live.jib-innovation.com\/wp-content\/uploads\/externe\/2021\/com-oral\/Communication%20orale%20JIB.mp4?_=3\" \/><a href=\"http:\/\/live.jib-innovation.com\/wp-content\/uploads\/externe\/2021\/com-oral\/Communication%20orale%20JIB.mp4\">http:\/\/live.jib-innovation.com\/wp-content\/uploads\/externe\/2021\/com-oral\/Communication%20orale%20JIB.mp4<\/a><\/video><\/div>\n<p>[\/vc_column_text][\/vc_column][vc_column width=&#8221;1\/2&#8243;][vc_column_text]<\/p>\n<div style=\"width: 1200px;\" class=\"wp-video\"><video class=\"wp-video-shortcode\" id=\"video-978-4\" width=\"1200\" height=\"675\" preload=\"metadata\" controls=\"controls\"><source type=\"video\/mp4\" src=\"http:\/\/live.jib-innovation.com\/wp-content\/uploads\/externe\/2021\/com-oral\/Etude%20ph\u00e9notypique%20et%20mol\u00e9culaire%20des%20h\u00e9moglobinopathies%20dans%20un%20h\u00f4pital%20p\u00e9diatrique.mp4?_=4\" \/><a href=\"http:\/\/live.jib-innovation.com\/wp-content\/uploads\/externe\/2021\/com-oral\/Etude%20ph\u00e9notypique%20et%20mol\u00e9culaire%20des%20h\u00e9moglobinopathies%20dans%20un%20h\u00f4pital%20p\u00e9diatrique.mp4\">http:\/\/live.jib-innovation.com\/wp-content\/uploads\/externe\/2021\/com-oral\/Etude%20ph\u00e9notypique%20et%20mol\u00e9culaire%20des%20h\u00e9moglobinopathies%20dans%20un%20h\u00f4pital%20p\u00e9diatrique.mp4<\/a><\/video><\/div>\n<p>[\/vc_column_text][\/vc_column][\/vc_row][vc_row][vc_column][vc_empty_space][\/vc_column][\/vc_row][vc_row][vc_column width=&#8221;1\/2&#8243;][vc_column_text]<\/p>\n<div style=\"width: 1200px;\" class=\"wp-video\"><video class=\"wp-video-shortcode\" id=\"video-978-5\" width=\"1200\" height=\"675\" preload=\"metadata\" controls=\"controls\"><source type=\"video\/mp4\" src=\"http:\/\/live.jib-innovation.com\/wp-content\/uploads\/externe\/2021\/com-oral\/mesure.mp4?_=5\" \/><a href=\"http:\/\/live.jib-innovation.com\/wp-content\/uploads\/externe\/2021\/com-oral\/mesure.mp4\">http:\/\/live.jib-innovation.com\/wp-content\/uploads\/externe\/2021\/com-oral\/mesure.mp4<\/a><\/video><\/div>\n<p>[\/vc_column_text][\/vc_column][vc_column width=&#8221;1\/2&#8243;][\/vc_column][\/vc_row][vc_row][vc_column][vc_empty_space][\/vc_column][\/vc_row]<\/p>\n","protected":false},"excerpt":{"rendered":"<p>[vc_row][vc_column width=&#8221;1\/2&#8243;][vc_column_text] [\/vc_column_text][\/vc_column][vc_column width=&#8221;1\/2&#8243;][vc_column_text] [\/vc_column_text][\/vc_column][\/vc_row][vc_row][vc_column][vc_empty_space][\/vc_column][\/vc_row][vc_row][vc_column width=&#8221;1\/2&#8243;][vc_column_text] [\/vc_column_text][\/vc_column][vc_column width=&#8221;1\/2&#8243;][vc_column_text] [\/vc_column_text][\/vc_column][\/vc_row][vc_row][vc_column][vc_empty_space][\/vc_column][\/vc_row][vc_row][vc_column width=&#8221;1\/2&#8243;][vc_column_text] [\/vc_column_text][\/vc_column][vc_column width=&#8221;1\/2&#8243;][\/vc_column][\/vc_row][vc_row][vc_column][vc_empty_space][\/vc_column][\/vc_row]<\/p>\n","protected":false},"author":1,"featured_media":0,"parent":0,"menu_order":0,"comment_status":"closed","ping_status":"closed","template":"","meta":{"footnotes":""},"class_list":["post-978","page","type-page","status-publish","hentry","description-off"],"_links":{"self":[{"href":"https:\/\/live.jib-innovation.com\/en\/wp-json\/wp\/v2\/pages\/978","targetHints":{"allow":["GET"]}}],"collection":[{"href":"https:\/\/live.jib-innovation.com\/en\/wp-json\/wp\/v2\/pages"}],"about":[{"href":"https:\/\/live.jib-innovation.com\/en\/wp-json\/wp\/v2\/types\/page"}],"author":[{"embeddable":true,"href":"https:\/\/live.jib-innovation.com\/en\/wp-json\/wp\/v2\/users\/1"}],"replies":[{"embeddable":true,"href":"https:\/\/live.jib-innovation.com\/en\/wp-json\/wp\/v2\/comments?post=978"}],"version-history":[{"count":2,"href":"https:\/\/live.jib-innovation.com\/en\/wp-json\/wp\/v2\/pages\/978\/revisions"}],"predecessor-version":[{"id":1033,"href":"https:\/\/live.jib-innovation.com\/en\/wp-json\/wp\/v2\/pages\/978\/revisions\/1033"}],"wp:attachment":[{"href":"https:\/\/live.jib-innovation.com\/en\/wp-json\/wp\/v2\/media?parent=978"}],"curies":[{"name":"wp","href":"https:\/\/api.w.org\/{rel}","templated":true}]}}